{"id":1578,"date":"2019-05-21T14:46:46","date_gmt":"2019-05-21T12:46:46","guid":{"rendered":"https:\/\/eeagrants.hr\/contact\/"},"modified":"2025-04-23T14:49:58","modified_gmt":"2025-04-23T12:49:58","slug":"contact","status":"publish","type":"page","link":"https:\/\/eeagrants.hr\/en\/contact\/","title":{"rendered":"Contact"},"content":{"rendered":"<div class=\"wpb-content-wrapper\"><p>[vc_row css_animation=&#8221;&#8221; row_type=&#8221;row&#8221; use_row_as_full_screen_section=&#8221;no&#8221; type=&#8221;grid&#8221; angled_section=&#8221;no&#8221; text_align=&#8221;left&#8221; background_image_as_pattern=&#8221;without_pattern&#8221; z_index=&#8221;&#8221; css=&#8221;.vc_custom_1542882521393{padding-top: 100px !important;padding-bottom: 100px !important;}&#8221;][vc_column width=&#8221;1\/2&#8243;][vc_single_image image=&#8221;2505&#8243; img_size=&#8221;100&#215;100&#8243; alignment=&#8221;center&#8221; qode_css_animation=&#8221;element_from_bottom&#8221;][vc_empty_space height=&#8221;40px&#8221;][vc_column_text]<\/p>\n<h2 style=\"text-align: center;\">Contact information<\/h2>\n<p>[\/vc_column_text][vc_empty_space height=&#8221;40px&#8221;][vc_column_text]For all information related to Financial Mechanisms, please contact National Focal Point:[\/vc_column_text][vc_empty_space height=&#8221;24px&#8221;][vc_column_text]<b>Ministry of Regional Development and EU Funds<\/b><\/p>\n<p>Directorate for Strategic Planning, Sector for EU programmes<br \/>\nMiramarska 22<br \/>\n10 000 Zagreb, Republic of Croatia[\/vc_column_text][vc_empty_space height=&#8221;40px&#8221;]<div class=\"qode-accordion-holder clearfix qode-toggle qode-initial \">\n\t<h4 class=\"clearfix qode-title-holder\">\n<span class=\"qode-tab-title\">\n\t    <span class=\"qode-tab-title-inner\">\n        Local Development And Poverty Reduction    <\/span>\n<\/span>\n<span class=\"qode-accordion-mark\">\n    <span class=\"qode-accordion-mark-icon\">\n        <span class=\"icon_plus\"><\/span>\n        <span class=\"icon_minus-06\"><\/span>\n    <\/span>\n<\/span>\n<\/h4>\n<div  class=\"qode-accordion-content \" >\n    <div class=\"qode-accordion-content-inner\">\n        [vc_column_text]<b>Ministry of Regional Development and EU Funds<\/b><\/p>\n<p>Slu\u017eba za upravljanje, pra\u0107enje i vrednovanje EU programa i me\u0111unarodnih financijskih mehanizama<br \/>\nE-mail: <a href=\"mailto:ldpr@mrrfeu.hr\">ldpr@mrrfeu.hr<\/a><br \/>\nWeb: <a href=\"https:\/\/eeagrants.hr\/en\/programs\/local-development-and-poverty-reduction\/\">EEAGRANTS \/<br \/>\nLocal Development And Poverty Reduction<br \/>\n<\/a>[\/vc_column_text]    <\/div>\n<\/div><h4 class=\"clearfix qode-title-holder\">\n<span class=\"qode-tab-title\">\n\t    <span class=\"qode-tab-title-inner\">\n        Energy and Climate Change    <\/span>\n<\/span>\n<span class=\"qode-accordion-mark\">\n    <span class=\"qode-accordion-mark-icon\">\n        <span class=\"icon_plus\"><\/span>\n        <span class=\"icon_minus-06\"><\/span>\n    <\/span>\n<\/span>\n<\/h4>\n<div  class=\"qode-accordion-content \" >\n    <div class=\"qode-accordion-content-inner\">\n        [vc_column_text]<b>Ministry of Regional Development and EU Funds<br \/>\n<\/b><\/p>\n<p>UPRAVA ZA REGIONALNI RAZVOJ, KOORDINACIJU I KONTROLU PROGRAMA EUROPSKE<br \/>\nTERITORIJALNE SURADNJE<\/p>\n<p>E-mail: <a href=\"mailto:energija@mrrfeu.hr\" target=\"_blank\" rel=\"noopener noreferrer\">energija@mrrfeu.hr<\/a><br \/>\nWeb: <a href=\"https:\/\/eeagrants.hr\/en\/programs\/energy-and-climate-change\/\" rel=\"noopener\">EEAGRANTS \/<br \/>\nEnergy and Climate Change<br \/>\n<\/a>[\/vc_column_text]    <\/div>\n<\/div><h4 class=\"clearfix qode-title-holder\">\n<span class=\"qode-tab-title\">\n\t    <span class=\"qode-tab-title-inner\">\n        Justice and Home Affairs    <\/span>\n<\/span>\n<span class=\"qode-accordion-mark\">\n    <span class=\"qode-accordion-mark-icon\">\n        <span class=\"icon_plus\"><\/span>\n        <span class=\"icon_minus-06\"><\/span>\n    <\/span>\n<\/span>\n<\/h4>\n<div  class=\"qode-accordion-content \" >\n    <div class=\"qode-accordion-content-inner\">\n        [vc_column_text css=&#8221;&#8221;]<b>MINISTRY OF JUSTICE, PUBLIC ADMINISTRATION AND DIGITAL TRANSFORMATION<\/b><\/p>\n<p>UPRAVA ZA RAZVOJ DIGITALNOG DRU\u0160TVA I STRATE\u0160KO PLANIRANJE<\/p>\n<p>Slu\u017eba za provedbu projekata<\/p>\n<p>Tel: +385 1 371 4618<br \/>\nE-mail: <a href=\"mailto:vedrana.vukovictarabic@mpudt.hr\">vedrana.vukovictarabic@mpudt.hr<\/a> \u00a0| <a href=\"mailto:razvoj@mpudt.hr\">razvoj@mpudt.hr<\/a><\/p>\n<p>Web: <a href=\"https:\/\/mpudt.gov.hr\/en\" target=\"_blank\" rel=\"noopener noreferrer\">Ministarstvo pravosu\u0111a<\/a>[\/vc_column_text]    <\/div>\n<\/div><h4 class=\"clearfix qode-title-holder\">\n<span class=\"qode-tab-title\">\n\t    <span class=\"qode-tab-title-inner\">\n        Innovation, Research, Education and Competitiveness    <\/span>\n<\/span>\n<span class=\"qode-accordion-mark\">\n    <span class=\"qode-accordion-mark-icon\">\n        <span class=\"icon_plus\"><\/span>\n        <span class=\"icon_minus-06\"><\/span>\n    <\/span>\n<\/span>\n<\/h4>\n<div  class=\"qode-accordion-content \" >\n    <div class=\"qode-accordion-content-inner\">\n        [vc_column_text]<b>HRVATSKA GOSPODARSKA KOMORA<\/b><\/p>\n<p>Sektor za industrijski razvoj i inovacijski sustav (SIRAZIS)<br \/>\nTel: +385 1 20 78 038<br \/>\nE-mail: <a href=\"mailto:cro.innovation@innovationnorway.no\">cro.innovation@innovationnorway.no<\/a>, <a href=\"mailto:iskaric@hgk.hr\">iskaric@hgk.hr<\/a><\/p>\n<p>Web: <a href=\"https:\/\/hgk.hr\/\" target=\"_blank\" rel=\"noopener noreferrer\">HGK<\/a>[\/vc_column_text]    <\/div>\n<\/div><h4 class=\"clearfix qode-title-holder\">\n<span class=\"qode-tab-title\">\n\t    <span class=\"qode-tab-title-inner\">\n        Civil Society    <\/span>\n<\/span>\n<span class=\"qode-accordion-mark\">\n    <span class=\"qode-accordion-mark-icon\">\n        <span class=\"icon_plus\"><\/span>\n        <span class=\"icon_minus-06\"><\/span>\n    <\/span>\n<\/span>\n<\/h4>\n<div  class=\"qode-accordion-content \" >\n    <div class=\"qode-accordion-content-inner\">\n        [vc_column_text]<b>KONZORCIJ U SASTAVU \u201eSLAGALICA\u201c\u00a0<\/b><\/p>\n<p>Telefon: +385 31 213 255<br \/>\nE-mail: <a href=\"mailto:podrska@acfcroatia.hr\">podrska@acfcroatia.hr<\/a><br \/>\nWeb: <a href=\"https:\/\/acfcroatia.hr\/\" target=\"_blank\" rel=\"noopener noreferrer\">https:\/\/acfcroatia.hr<\/a><\/p>\n<p>[\/vc_column_text]    <\/div>\n<\/div><h4 class=\"clearfix qode-title-holder\">\n<span class=\"qode-tab-title\">\n\t    <span class=\"qode-tab-title-inner\">\n        Social Dialogue    <\/span>\n<\/span>\n<span class=\"qode-accordion-mark\">\n    <span class=\"qode-accordion-mark-icon\">\n        <span class=\"icon_plus\"><\/span>\n        <span class=\"icon_minus-06\"><\/span>\n    <\/span>\n<\/span>\n<\/h4>\n<div  class=\"qode-accordion-content \" >\n    <div class=\"qode-accordion-content-inner\">\n        [vc_column_text]<b>INNOVATION NORWAY\u00a0<\/b><\/p>\n<p>E-mail: <a href=\"mailto:cro.innovation@innovationnorway.no\">cro.innovation@innovationnorway.no<\/a><\/p>\n<p>&nbsp;<\/p>\n<p>[\/vc_column_text]    <\/div>\n<\/div><\/div>[\/vc_column][vc_column width=&#8221;1\/2&#8243; css=&#8221;.vc_custom_1612444580720{padding-right: 20px !important;padding-left: 20px !important;}&#8221;][vc_single_image image=&#8221;2507&#8243; img_size=&#8221;100&#215;100&#8243; alignment=&#8221;center&#8221; qode_css_animation=&#8221;element_from_bottom&#8221;][vc_empty_space height=&#8221;40px&#8221;][vc_column_text]<\/p>\n<h2 style=\"text-align: center;\">Contact us<\/h2>\n<p>[\/vc_column_text][vc_empty_space height=&#8221;40px&#8221;]\n<div class=\"wpcf7 no-js\" id=\"wpcf7-f2847-o1\" lang=\"hr\" dir=\"ltr\" data-wpcf7-id=\"2847\">\n<div class=\"screen-reader-response\"><p role=\"status\" aria-live=\"polite\" aria-atomic=\"true\"><\/p> <ul><\/ul><\/div>\n<form action=\"\/en\/wp-json\/wp\/v2\/pages\/1578#wpcf7-f2847-o1\" method=\"post\" class=\"wpcf7-form init cf7_custom_style_1\" aria-label=\"Kontakt obrazac\" novalidate=\"novalidate\" data-status=\"init\">\n<fieldset class=\"hidden-fields-container\"><input type=\"hidden\" name=\"_wpcf7\" value=\"2847\" \/><input type=\"hidden\" name=\"_wpcf7_version\" value=\"6.1.5\" \/><input type=\"hidden\" name=\"_wpcf7_locale\" value=\"hr\" \/><input type=\"hidden\" name=\"_wpcf7_unit_tag\" value=\"wpcf7-f2847-o1\" \/><input type=\"hidden\" name=\"_wpcf7_container_post\" value=\"0\" \/><input type=\"hidden\" name=\"_wpcf7_posted_data_hash\" value=\"\" \/><input type=\"hidden\" name=\"_wpcf7_recaptcha_response\" value=\"\" \/>\n<\/fieldset>\n<p><label> Name *<br \/>\n<span class=\"wpcf7-form-control-wrap\" data-name=\"your-name\"><input size=\"40\" maxlength=\"400\" class=\"wpcf7-form-control wpcf7-text wpcf7-validates-as-required\" aria-required=\"true\" aria-invalid=\"false\" value=\"\" type=\"text\" name=\"your-name\" \/><\/span> <\/label>\n<\/p>\n<p><label> E-mail address *<br \/>\n<span class=\"wpcf7-form-control-wrap\" data-name=\"your-email\"><input size=\"40\" maxlength=\"400\" class=\"wpcf7-form-control wpcf7-email wpcf7-validates-as-required wpcf7-text wpcf7-validates-as-email\" aria-required=\"true\" aria-invalid=\"false\" value=\"\" type=\"email\" name=\"your-email\" \/><\/span> <\/label>\n<\/p>\n<p><label>Phone<br \/>\n<span class=\"wpcf7-form-control-wrap\" data-name=\"telefon\"><input size=\"40\" maxlength=\"400\" class=\"wpcf7-form-control wpcf7-tel wpcf7-text wpcf7-validates-as-tel\" aria-invalid=\"false\" value=\"\" type=\"tel\" name=\"telefon\" \/><\/span><\/label>\n<\/p>\n<p><label> Subject<br \/>\n<span class=\"wpcf7-form-control-wrap\" data-name=\"your-subject\"><input size=\"40\" maxlength=\"400\" class=\"wpcf7-form-control wpcf7-text\" aria-invalid=\"false\" value=\"\" type=\"text\" name=\"your-subject\" \/><\/span> <\/label>\n<\/p>\n<p><label> Your message<br \/>\n<span class=\"wpcf7-form-control-wrap\" data-name=\"your-message\"><textarea cols=\"40\" rows=\"10\" maxlength=\"2000\" class=\"wpcf7-form-control wpcf7-textarea\" aria-invalid=\"false\" name=\"your-message\"><\/textarea><\/span> <\/label>\n<\/p>\n<p><input class=\"wpcf7-form-control wpcf7-submit has-spinner\" type=\"submit\" value=\"Send\" \/>\n<\/p><div class=\"wpcf7-response-output\" aria-hidden=\"true\"><\/div>\n<\/form>\n<\/div>\n[vc_empty_space height=&#8221;40px&#8221;][\/vc_column][\/vc_row][vc_row css_animation=&#8221;&#8221; row_type=&#8221;row&#8221; use_row_as_full_screen_section=&#8221;no&#8221; type=&#8221;full_width&#8221; angled_section=&#8221;no&#8221; text_align=&#8221;left&#8221; background_image_as_pattern=&#8221;without_pattern&#8221;][vc_column][vc_empty_space height=&#8221;50px&#8221;][\/vc_column][\/vc_row]<\/p>\n<\/div>","protected":false},"excerpt":{"rendered":"<p>[vc_row css_animation=&#8221;&#8221; row_type=&#8221;row&#8221; use_row_as_full_screen_section=&#8221;no&#8221; type=&#8221;grid&#8221; angled_section=&#8221;no&#8221; text_align=&#8221;left&#8221; background_image_as_pattern=&#8221;without_pattern&#8221; z_index=&#8221;&#8221; css=&#8221;.vc_custom_1542882521393{padding-top: 100px !important;padding-bottom: 100px !important;}&#8221;][vc_column width=&#8221;1\/2&#8243;][vc_single_image image=&#8221;2505&#8243; img_size=&#8221;100&#215;100&#8243; alignment=&#8221;center&#8221; qode_css_animation=&#8221;element_from_bottom&#8221;][vc_empty_space height=&#8221;40px&#8221;][vc_column_text] Contact information [\/vc_column_text][vc_empty_space height=&#8221;40px&#8221;][vc_column_text]For all information related to Financial Mechanisms, please contact National Focal Point:[\/vc_column_text][vc_empty_space height=&#8221;24px&#8221;][vc_column_text]Ministry of Regional Development and EU Funds Directorate for Strategic&#8230;<\/p>\n","protected":false},"author":1,"featured_media":0,"parent":0,"menu_order":0,"comment_status":"closed","ping_status":"closed","template":"full_width.php","meta":{"footnotes":""},"cmcal_calendar":[],"class_list":["post-1578","page","type-page","status-publish","hentry"],"_links":{"self":[{"href":"https:\/\/eeagrants.hr\/en\/wp-json\/wp\/v2\/pages\/1578","targetHints":{"allow":["GET"]}}],"collection":[{"href":"https:\/\/eeagrants.hr\/en\/wp-json\/wp\/v2\/pages"}],"about":[{"href":"https:\/\/eeagrants.hr\/en\/wp-json\/wp\/v2\/types\/page"}],"author":[{"embeddable":true,"href":"https:\/\/eeagrants.hr\/en\/wp-json\/wp\/v2\/users\/1"}],"replies":[{"embeddable":true,"href":"https:\/\/eeagrants.hr\/en\/wp-json\/wp\/v2\/comments?post=1578"}],"version-history":[{"count":2,"href":"https:\/\/eeagrants.hr\/en\/wp-json\/wp\/v2\/pages\/1578\/revisions"}],"predecessor-version":[{"id":7419,"href":"https:\/\/eeagrants.hr\/en\/wp-json\/wp\/v2\/pages\/1578\/revisions\/7419"}],"wp:attachment":[{"href":"https:\/\/eeagrants.hr\/en\/wp-json\/wp\/v2\/media?parent=1578"}],"wp:term":[{"taxonomy":"cmcal_calendar","embeddable":true,"href":"https:\/\/eeagrants.hr\/en\/wp-json\/wp\/v2\/cmcal_calendar?post=1578"}],"curies":[{"name":"wp","href":"https:\/\/api.w.org\/{rel}","templated":true}]}}