{"id":1703,"date":"2019-05-27T14:47:12","date_gmt":"2019-05-27T12:47:12","guid":{"rendered":"https:\/\/eeagrants.hr\/privacy-policy\/"},"modified":"2019-05-28T17:29:21","modified_gmt":"2019-05-28T15:29:21","slug":"privacy-policy","status":"publish","type":"page","link":"https:\/\/eeagrants.hr\/en\/privacy-policy\/","title":{"rendered":"Privacy policy"},"content":{"rendered":"<div class=\"wpb-content-wrapper\"><p>[vc_row css_animation=&#8221;&#8221; row_type=&#8221;row&#8221; use_row_as_full_screen_section=&#8221;no&#8221; type=&#8221;full_width&#8221; angled_section=&#8221;no&#8221; text_align=&#8221;left&#8221; background_image_as_pattern=&#8221;without_pattern&#8221; css=&#8221;.vc_custom_1559056501613{padding-bottom: 80px !important;}&#8221; z_index=&#8221;&#8221;][vc_column width=&#8221;2\/3&#8243;][vc_column_text]Kori\u0161tenjem internet stranice Ministarstva regionalnoga razvoja i fondova Europske unije <a href=\"http:\/\/www.eegrants.hr\">www.eegrants.hr<\/a> smatra se da su korisnici u svakom trenutku upoznati s ovim uvjetima kori\u0161tenja te da ih u potpunosti razumiju i prihva\u0107aju.<\/p>\n<p>Internetska stranica namijenjena je olak\u0161avanju pristupa javnosti informacijama i aktivnostima o Norve\u0161kom financijskom mehanizmu i financijskom mehanizmu Europskog gospodarskog prostora. Na\u0161 je cilj da su te informacije \u0161to cjelovitije, to\u010dnije i a\u017euriranije. Ministarstvo regionalnoga razvoja i fondova Europske unije zadr\u017eava pravo izmjene sadr\u017eaja i uvjeta kori\u0161tenja internet stranice bez obveze prethodne najave te nije odgovoran za bilo kakvu \u0161tetu nastalu tim promjenama.<\/p>\n<p>Ministarstvo regionalnoga razvoja i fondova Europske unije ne snosi odgovornost za izravnu ili neizravnu \u0161tetu koja je nastala upotrebom ove stranice. Ministarstvo regionalnoga razvoja i fondova Europske unije se u potpunosti odri\u010de svake odgovornosti koja je na bilo koji na\u010din vezana uz kori\u0161tenje stranice od strane korisnika bilo uporabom ili zlouporabom sadr\u017eaja, te za bilo kakvu \u0161tetu koja mo\u017ee nastati korisniku ili bilo kojoj tre\u0107oj strani u vezi s uporabom ili zlouporabom sadr\u017eaja stranice. Odricanjem od navedene odgovornosti Ministarstvu regionalnoga razvoja i fondova Europske unije nije cilj smanjiti odgovornost za njegovo postupanje u skladu sa zakonskim propisima.<\/p>\n<p>Tako\u0111er, ne mo\u017eemo zajam\u010diti pouzdanost i a\u017euriranost informacija koje potje\u010du iz vanjskih izvora i nalaze se na ovoj internetskoj stranici. Informacije na ovoj internetskoj stranici mogu sadr\u017eavati poveznice na internetske stranice koje su izvan nadzora slu\u017ebi Ministarstva regionalnoga razvoja i fondova Europske unije i za koje ne mo\u017eemo prihvatiti odgovornost.<\/p>\n<p>Informacije objavljene na ovoj stranici op\u0107eg su karaktera i kao takve nisu namijenjene specifi\u010dnim svrhama. Stoga se ne mogu smatrati stru\u010dnim ili pravnim savjetom (ako vam treba konkretan savjet, preporu\u010dujemo vam da se obratite kvalificiranom stru\u010dnjaku).<\/p>\n<p>Poduzimamo sve kako bismo \u0161to vi\u0161e smanjili smetnje prouzro\u010dene tehni\u010dkim pogre\u0161kama. Mogu\u0107e je da se neki podaci ili informacije na ovoj internetskoj stranici nalaze u datotekama ili su strukturirani u formatima koji sadr\u017ee gre\u0161ke. U takvim slu\u010dajevima ne mo\u017eemo zajam\u010diti da na\u0161a usluga ne\u0107e biti prekinuta ili ote\u017eana na bilo koji drugi na\u010din. Ministarstvo regionalnoga razvoja i fondova Europske unije ne prihva\u0107a odgovornost u slu\u010daju ote\u017eanog prijenosa podataka uslijed razli\u010ditih internetskih mre\u017ea ili neuskla\u0111enosti zbog korisnikova mre\u017enog preglednika. Ako nam se uka\u017ee na pogre\u0161ke, poku\u0161at \u0107emo ih \u0161to prije ispraviti.<\/p>\n<p>Sadr\u017eaji s ovih stranica mogu se prenositi bez posebne dozvole uz navo\u0111enje izvora (osim u slu\u010daju kada je izri\u010dito navedeno da je sadr\u017eaj prenesen iz drugog izvora). Dakle, ponovna upotreba je dopu\u0161tena uz uvjet da bude naveden izvor podataka. Me\u0111utim, korisnicima se savjetuje da provjere obavijesti o autorskim pravima pojedinih dokumenata i internetskih stranica koje se odr\u017eavaju u okviru internetskog mjesta eegrants.hr.<\/p>\n<p>Dopu\u0161teno je stavljati poveznicu internet stranice Ministarstva regionalnoga razvoja i fondova Europske unije na druge stranice.<\/p>\n<p>Kako bi posjet ovoj internetskoj stranici bio \u0161to ugodniji, funkcionalniji i prakti\u010dniji, ova internet stranica sprema na va\u0161e ra\u010dunalo odre\u0111enu koli\u010dinu informacija, takozvanih cookies (kola\u010di\u0107i). Upoznajte se s <a href=\"https:\/\/gov.hr\/cookies\/1541\">uporabom \u201ckola\u010di\u0107a\u201d<\/a>.[\/vc_column_text][\/vc_column][vc_column width=&#8221;1\/3&#8243;][vc_column_text]Internetska stranica <a href=\"http:\/\/www.eegrants.hr\">www.eegrants.hr<\/a> uskla\u0111ena je s europskom Op\u0107om uredbom o za\u0161titi podataka (GDPR)- Uredba (EU) 2016\/679, a koja \u0107e se primjenjivati u Republici Hrvatskoj od 25. svibnja 2018. godine te koja predstavlja bitan napredak u podru\u010dju obrade i za\u0161tite osobnih podataka.<\/p>\n<p>Cjelokupni tekst Op\u0107e uredbe o za\u0161titi podataka (GDPR) mo\u017eete pro\u010ditati <a href=\"http:\/\/eur-lex.europa.eu\/legal-content\/HR\/TXT\/?uri=CELEX:32016R0679\">OVDJE.<\/a><\/p>\n<p>[\/vc_column_text][\/vc_column][\/vc_row]<\/p>\n<\/div>","protected":false},"excerpt":{"rendered":"<p>[vc_row css_animation=&#8221;&#8221; row_type=&#8221;row&#8221; use_row_as_full_screen_section=&#8221;no&#8221; type=&#8221;full_width&#8221; angled_section=&#8221;no&#8221; text_align=&#8221;left&#8221; background_image_as_pattern=&#8221;without_pattern&#8221; css=&#8221;.vc_custom_1559056501613{padding-bottom: 80px !important;}&#8221; z_index=&#8221;&#8221;][vc_column width=&#8221;2\/3&#8243;][vc_column_text]Kori\u0161tenjem internet stranice Ministarstva regionalnoga razvoja i fondova Europske unije www.eegrants.hr smatra se da su korisnici u svakom trenutku upoznati s ovim uvjetima kori\u0161tenja te da ih u potpunosti razumiju i prihva\u0107aju. Internetska&#8230;<\/p>\n","protected":false},"author":1,"featured_media":0,"parent":0,"menu_order":0,"comment_status":"closed","ping_status":"open","template":"","meta":{"footnotes":""},"cmcal_calendar":[],"class_list":["post-1703","page","type-page","status-publish","hentry"],"_links":{"self":[{"href":"https:\/\/eeagrants.hr\/en\/wp-json\/wp\/v2\/pages\/1703"}],"collection":[{"href":"https:\/\/eeagrants.hr\/en\/wp-json\/wp\/v2\/pages"}],"about":[{"href":"https:\/\/eeagrants.hr\/en\/wp-json\/wp\/v2\/types\/page"}],"author":[{"embeddable":true,"href":"https:\/\/eeagrants.hr\/en\/wp-json\/wp\/v2\/users\/1"}],"replies":[{"embeddable":true,"href":"https:\/\/eeagrants.hr\/en\/wp-json\/wp\/v2\/comments?post=1703"}],"version-history":[{"count":0,"href":"https:\/\/eeagrants.hr\/en\/wp-json\/wp\/v2\/pages\/1703\/revisions"}],"wp:attachment":[{"href":"https:\/\/eeagrants.hr\/en\/wp-json\/wp\/v2\/media?parent=1703"}],"wp:term":[{"taxonomy":"cmcal_calendar","embeddable":true,"href":"https:\/\/eeagrants.hr\/en\/wp-json\/wp\/v2\/cmcal_calendar?post=1703"}],"curies":[{"name":"wp","href":"https:\/\/api.w.org\/{rel}","templated":true}]}}